{"id":231,"date":"2018-05-09T11:20:33","date_gmt":"2018-05-09T09:20:33","guid":{"rendered":"https:\/\/www.nomo-trade.ch\/it\/?page_id=231"},"modified":"2021-11-29T11:32:43","modified_gmt":"2021-11-29T10:32:43","slug":"datenschutz","status":"publish","type":"page","link":"https:\/\/www.nomo-trade.ch\/it\/datenschutz\/","title":{"rendered":"Protezione dati"},"content":{"rendered":"<div class=\"flex_column av_one_half  flex_column_div av-zero-column-padding first  \" style='border-radius:0px; '><section class=\"av_textblock_section\"  itemscope=\"itemscope\" itemtype=\"https:\/\/schema.org\/CreativeWork\" ><div class='avia_textblock '   itemprop=\"text\" ><h2>Protezione dati<\/h2>\n<p><strong>Avviso legale: <\/strong><\/p>\n<p><strong>Comitato di responsabilit\u00e0 <\/strong><\/p>\n<p>L&#8217;autore non si assume alcuna responsabilit\u00e0 per la correttezza, l&#8217;attualit\u00e0, l&#8217;affidabilit\u00e0 e la completezza delle informazioni. Sono escluse rivendicazioni di responsabilit\u00e0 nei confronti dell&#8217;autore per danni materiali o immateriali derivanti dall&#8217;accesso, dall&#8217;utilizzo o dal mancato utilizzo delle informazioni pubblicate a causa di un uso improprio del collegamento o di malfunzionamenti tecnici.<\/p>\n<p>Nomo Trade GmbH si riserva espressamente il diritto di modificare, eliminare o non pubblicare temporaneamente i contenuti, in tutto o in parte, in qualsiasi momento senza preavviso.<\/p>\n<p><strong>Responsabilit\u00e0 per i riferimenti ai link <\/strong><\/p>\n<p>Riferimenti e collegamenti a siti Web di terzi sono al di fuori della nostra area di responsabilit\u00e0. Le informazioni e i servizi dai siti Web collegati sono interamente sotto la responsabilit\u00e0 delle rispettive terze parti. Si declina ogni responsabilit\u00e0 per tali siti Web. L&#8217;accesso e l&#8217;utilizzo di tali siti Web \u00e8 a rischio dell&#8217;utente.<\/p>\n<p><strong>Copyright<\/strong><\/p>\n<p>I diritti d&#8217;autore e tutti gli altri diritti su contenuti, immagini, foto, video o altri file sul sito Web appartengono a Nomo Trade GmbH o ai titolari dei diritti specificatamente nominati. Il consenso scritto del titolare del diritto d&#8217;autore deve essere ottenuto in anticipo per la riproduzione di qualsiasi elemento. protezione dati In base all&#8217;articolo 13 della Costituzione federale svizzera e alle disposizioni sulla protezione dei dati del governo federale, ogni persona ha diritto alla protezione della propria privacy e alla protezione contro l&#8217;abuso dei dati personali. I dati personali saranno trattati con la massima riservatezza e non saranno ceduti a terzi, a meno che non sia necessario per la consegna della merce allo spedizioniere incaricato.<\/p>\n<\/div><\/section><\/div><div class=\"flex_column av_one_half  flex_column_div av-zero-column-padding   \" style='border-radius:0px; '><div class='avia-image-container  av-styling-   avia-align-center '  itemscope=\"itemscope\" itemtype=\"https:\/\/schema.org\/ImageObject\"  ><div class='avia-image-container-inner'><img class='avia_image ' src='https:\/\/www.nomo-trade.ch\/it\/wp-content\/uploads\/2017\/05\/kastanienholz-zaun-1.jpg' alt='' title='kastanienholz-zaun'   itemprop=\"thumbnailUrl\"  \/><\/div><\/div><\/div><\/p>\n","protected":false},"excerpt":{"rendered":"","protected":false},"author":1,"featured_media":0,"parent":0,"menu_order":0,"comment_status":"closed","ping_status":"closed","template":"","meta":[],"_links":{"self":[{"href":"https:\/\/www.nomo-trade.ch\/it\/wp-json\/wp\/v2\/pages\/231"}],"collection":[{"href":"https:\/\/www.nomo-trade.ch\/it\/wp-json\/wp\/v2\/pages"}],"about":[{"href":"https:\/\/www.nomo-trade.ch\/it\/wp-json\/wp\/v2\/types\/page"}],"author":[{"embeddable":true,"href":"https:\/\/www.nomo-trade.ch\/it\/wp-json\/wp\/v2\/users\/1"}],"replies":[{"embeddable":true,"href":"https:\/\/www.nomo-trade.ch\/it\/wp-json\/wp\/v2\/comments?post=231"}],"version-history":[{"count":5,"href":"https:\/\/www.nomo-trade.ch\/it\/wp-json\/wp\/v2\/pages\/231\/revisions"}],"predecessor-version":[{"id":388,"href":"https:\/\/www.nomo-trade.ch\/it\/wp-json\/wp\/v2\/pages\/231\/revisions\/388"}],"wp:attachment":[{"href":"https:\/\/www.nomo-trade.ch\/it\/wp-json\/wp\/v2\/media?parent=231"}],"curies":[{"name":"wp","href":"https:\/\/api.w.org\/{rel}","templated":true}]}}